{"id":124,"date":"2017-03-02T10:57:19","date_gmt":"2017-03-02T07:57:19","guid":{"rendered":"http:\/\/irmakyachting.com\/blog\/?page_id=124"},"modified":"2019-05-26T13:43:37","modified_gmt":"2019-05-26T10:43:37","slug":"archive","status":"publish","type":"page","link":"\/blog\/archive\/","title":{"rendered":"Archive"},"content":{"rendered":"<ul class=\"display-posts-listing\"><li class=\"listing-item\"><a class=\"title\" href=\"\/blog\/gunes-topla-benim-icin\/\">G\u00fcne\u015f Topla Benim \u0130\u00e7in<\/a><\/li><li class=\"listing-item\"><a class=\"title\" href=\"\/blog\/gocekte-tam-bir-degisim-firtinasi-yacht-turkiye-2017\/\">G\u00f6cek\u2019te tam bir de\u011fi\u015fim f\u0131rt\u0131nas\u0131 &#8211; YACHT T\u00fcrkiye 2017<\/a><\/li><li class=\"listing-item\"><a class=\"title\" href=\"\/blog\/yacht-turkiye-2017-temmuz-sayisinda-irmak-yachting\/\">YACHT T\u00fcrkiye 2017 Temmuz say\u0131s\u0131nda IRMAK YACHTING<\/a><\/li><li class=\"listing-item\"><a class=\"title\" href=\"\/blog\/naviga-nisan-sayisinda-irmak-yachting\/\">Naviga Nisan say\u0131s\u0131nda IRMAK YACHTING<\/a><\/li><li class=\"listing-item\"><a class=\"title\" href=\"\/blog\/asli-erenin-sundugu-egefinans-programinin-konuguyduk\/\">Asl\u0131 Eren&#8217;in sundu\u011fu EGEF\u0130NANS program\u0131n\u0131n konu\u011fuyduk<\/a><\/li><li class=\"listing-item\"><a class=\"title\" href=\"\/blog\/gocek-koylari-hakkinda\/\">G\u00f6cek Koylar\u0131 Hakk\u0131nda<\/a><\/li><li class=\"listing-item\"><a class=\"title\" href=\"\/blog\/birakin-gocek-vahsi-kalsin\/\">B\u0131rak\u0131n G\u00f6cek vah\u015fi kals\u0131n!<\/a><\/li><li class=\"listing-item\"><a class=\"title\" href=\"\/blog\/gocek-koylarinda-surpriz-ve-guzel-bir-cozum\/\">G\u00f6cek Koylar\u0131\u2019nda s\u00fcrpriz ve g\u00fczel bir \u00e7\u00f6z\u00fcm!<\/a><\/li><li class=\"listing-item\"><a class=\"title\" href=\"\/blog\/gocekde-dogal-denge-ve-ariza\/\">G\u00f6cek\u2019de do\u011fal denge ve ar\u0131za&#8230;<\/a><\/li><li class=\"listing-item\"><a class=\"title\" href=\"\/blog\/transit-log\/\">Transit log<\/a><\/li><li class=\"listing-item\"><a class=\"title\" href=\"\/blog\/turizm-isletme-belgesi\/\">Turizm \u0130\u015fletme Belgesi<\/a><\/li><li class=\"listing-item\"><a class=\"title\" href=\"\/blog\/yatch-turkey-2016-bavaria-46-new-cruiser\/\">Yacht Turkey 2016 &#8211; Bavaria 46 New Cruiser<\/a><\/li><li class=\"listing-item\"><a class=\"title\" href=\"\/blog\/yacht-turkey-kasim-2016\/\">Yacht Turkey &#8211; Kas\u0131m 2016<\/a><\/li><li class=\"listing-item\"><a class=\"title\" href=\"\/blog\/marinturk-bulteninde-irmak-yachting\/\">Marinturk b\u00fclteni&#8217;nde IRMAK YACHTING<\/a><\/li><li class=\"listing-item\"><a class=\"title\" href=\"\/blog\/genclerin-gelisimine-deniz-havasi-tuzlu-su\/\">Gen\u00e7lerin geli\u015fimine deniz havas\u0131, tuzlu su !<\/a><\/li><\/ul>\n","protected":false},"excerpt":{"rendered":"","protected":false},"author":1,"featured_media":0,"parent":0,"menu_order":0,"comment_status":"closed","ping_status":"closed","template":"","meta":{"footnotes":""},"class_list":["post-124","page","type-page","status-publish","hentry"],"_links":{"self":[{"href":"\/blog\/wp-json\/wp\/v2\/pages\/124"}],"collection":[{"href":"\/blog\/wp-json\/wp\/v2\/pages"}],"about":[{"href":"\/blog\/wp-json\/wp\/v2\/types\/page"}],"author":[{"embeddable":true,"href":"\/blog\/wp-json\/wp\/v2\/users\/1"}],"replies":[{"embeddable":true,"href":"\/blog\/wp-json\/wp\/v2\/comments?post=124"}],"version-history":[{"count":2,"href":"\/blog\/wp-json\/wp\/v2\/pages\/124\/revisions"}],"predecessor-version":[{"id":138,"href":"\/blog\/wp-json\/wp\/v2\/pages\/124\/revisions\/138"}],"wp:attachment":[{"href":"\/blog\/wp-json\/wp\/v2\/media?parent=124"}],"curies":[{"name":"wp","href":"https:\/\/api.w.org\/{rel}","templated":true}]}}